{"id":451,"date":"2018-05-09T18:54:31","date_gmt":"2018-05-09T16:54:31","guid":{"rendered":"http:\/\/astt-dangelesormes.com\/?page_id=451"},"modified":"2019-03-11T18:57:18","modified_gmt":"2019-03-11T17:57:18","slug":"partenaires","status":"publish","type":"page","link":"https:\/\/astt-dangelesormes.com\/?page_id=451","title":{"rendered":"Partenaires"},"content":{"rendered":"<table style=\"border: none;\" cellspacing=\"0\" cellpadding=\"0\">\n<tbody>\n<tr style=\"width: 100%;\">\n<td style=\"border: none; width: 160; vertical-align: top;\"><a href=\"http:\/\/pc-utile.com\/\" target=\"_blank\" rel=\"noopener\"><img loading=\"lazy\" decoding=\"async\" class=\"alignnone size-full wp-image-452\" src=\"https:\/\/astt-dangelesormes.com\/wp-content\/uploads\/2018\/05\/pc-utile.jpg\" alt=\"\" width=\"160\" height=\"160\" srcset=\"https:\/\/astt-dangelesormes.com\/wp-content\/uploads\/2018\/05\/pc-utile.jpg 160w, https:\/\/astt-dangelesormes.com\/wp-content\/uploads\/2018\/05\/pc-utile-150x150.jpg 150w\" sizes=\"auto, (max-width: 160px) 100vw, 160px\" \/><\/a><\/td>\n<td style=\"border: none; vertical-align: top;\">\n<p style=\"text-align: center; font-weight: bold; font-size: 10;\">PC Utile<br \/>\n48 Rue de la Malti\u00e8re<br \/>\n86220 Vaux-sur-Vienne<br \/>\n06 80 52 14 86<\/p>\n<\/td>\n<td style=\"border: none; width: 160; vertical-align: top;\"><a href=\"http:\/\/www.lesplantessucculentes.com\/\" target=\"_blank\" rel=\"noopener\"><img loading=\"lazy\" decoding=\"async\" class=\"alignnone size-medium wp-image-453\" src=\"https:\/\/astt-dangelesormes.com\/wp-content\/uploads\/2018\/05\/plantessucculentes.png\" alt=\"\" width=\"160\" height=\"160\" srcset=\"https:\/\/astt-dangelesormes.com\/wp-content\/uploads\/2018\/05\/plantessucculentes.png 477w, https:\/\/astt-dangelesormes.com\/wp-content\/uploads\/2018\/05\/plantessucculentes-150x150.png 150w, https:\/\/astt-dangelesormes.com\/wp-content\/uploads\/2018\/05\/plantessucculentes-300x300.png 300w, https:\/\/astt-dangelesormes.com\/wp-content\/uploads\/2018\/05\/plantessucculentes-200x200.png 200w\" sizes=\"auto, (max-width: 160px) 100vw, 160px\" \/><\/a><\/td>\n<td style=\"border: none; width;vertical-align: top;\">\n<p style=\"text-align: center; font-weight: bold; font-size: 10;\">Les Plantes Succulentes<br \/>\nZA, La Couasse<br \/>\n86220 Les Ormes<br \/>\n07 84 96 50 64<\/p>\n<\/td>\n<\/tr>\n<tr style=\"width: 100%;\">\n<td style=\"border: none; vertical-align: top;\" colspan=\"2\" ><a href=\"http:\/\/petit-marche-steph.fr\/\" target=\"_blank\" rel=\"noopener\"><img loading=\"lazy\" decoding=\"async\" class=\"alignnone size-medium wp-image-575\" src=\"https:\/\/astt-dangelesormes.com\/wp-content\/uploads\/2019\/03\/PetitMarcheDeSteph-1-300x35.png\" alt=\"\" width=\"300\" height=\"35\" \/><\/a><\/td>\n<td style=\"border: none; vertical-align: top;\" colspan=\"2\">\n<p style=\"text-align: center; font-weight: bold; font-size: 10;\">\u00d4 Petit march\u00e9 de Steph<br \/>\n9 Route Nationale<br \/>\n86220 Ingrandes-Sur-Vienne<br \/>\n05 49 15 12 84<\/p>\n<\/td>\n<\/tr>\n<\/tbody>\n<\/table>\n","protected":false},"excerpt":{"rendered":"<p>PC Utile 48 Rue de la Malti\u00e8re 86220 Vaux-sur-Vienne 06 80 52 14 86 Les Plantes Succulentes ZA, La Couasse 86220 Les Ormes 07 84 96 50 64 \u00d4 Petit march\u00e9 de Steph 9 Route Nationale 86220 Ingrandes-Sur-Vienne 05 49 15 12 84<\/p>\n","protected":false},"author":1,"featured_media":0,"parent":0,"menu_order":0,"comment_status":"closed","ping_status":"closed","template":"","meta":{"_mc_calendar":[],"footnotes":""},"class_list":["post-451","page","type-page","status-publish","hentry"],"_links":{"self":[{"href":"https:\/\/astt-dangelesormes.com\/index.php?rest_route=\/wp\/v2\/pages\/451","targetHints":{"allow":["GET"]}}],"collection":[{"href":"https:\/\/astt-dangelesormes.com\/index.php?rest_route=\/wp\/v2\/pages"}],"about":[{"href":"https:\/\/astt-dangelesormes.com\/index.php?rest_route=\/wp\/v2\/types\/page"}],"author":[{"embeddable":true,"href":"https:\/\/astt-dangelesormes.com\/index.php?rest_route=\/wp\/v2\/users\/1"}],"replies":[{"embeddable":true,"href":"https:\/\/astt-dangelesormes.com\/index.php?rest_route=%2Fwp%2Fv2%2Fcomments&post=451"}],"version-history":[{"count":17,"href":"https:\/\/astt-dangelesormes.com\/index.php?rest_route=\/wp\/v2\/pages\/451\/revisions"}],"predecessor-version":[{"id":582,"href":"https:\/\/astt-dangelesormes.com\/index.php?rest_route=\/wp\/v2\/pages\/451\/revisions\/582"}],"wp:attachment":[{"href":"https:\/\/astt-dangelesormes.com\/index.php?rest_route=%2Fwp%2Fv2%2Fmedia&parent=451"}],"curies":[{"name":"wp","href":"https:\/\/api.w.org\/{rel}","templated":true}]}}