{"id":39,"date":"2017-10-26T11:22:58","date_gmt":"2017-10-26T09:22:58","guid":{"rendered":"http:\/\/astt-dangelesormes.com\/?page_id=39"},"modified":"2026-02-26T15:51:40","modified_gmt":"2026-02-26T14:51:40","slug":"inscription-tournoi","status":"publish","type":"page","link":"https:\/\/astt-dangelesormes.com\/?page_id=39","title":{"rendered":"Inscriptions Tournoi R\u00e9gional 2026"},"content":{"rendered":"\n<p>Les points seront pas comptabiliser sur ce tournoi r\u00e9gional pour les joueurs hors r\u00e9gion Nouvelle Aquitaine<\/p>\n\n\n\n<p><a href=\"https:\/\/astt-dangelesormes.com\/?p=1111\" data-type=\"link\" data-id=\"https:\/\/astt-dangelesormes.com\/?p=1111\">Reglement du tournoi 2026<\/a><\/p>\n\n\n\n<h1 class=\"wp-block-heading has-text-align-center\"><strong>Ce tournoi est r\u00e9serv\u00e9  uniquement aux <\/strong><\/h1>\n\n\n\n<h2 class=\"wp-block-heading has-text-align-center\"><strong> joueurs de la nouvelle aquitaine<\/strong><\/h2>\n\n\n<div class=\"wpforms-container wpforms-container-full\" id=\"wpforms-109\"><form id=\"wpforms-form-109\" class=\"wpforms-validate wpforms-form\" data-formid=\"109\" method=\"post\" enctype=\"multipart\/form-data\" action=\"\/index.php?rest_route=%2Fwp%2Fv2%2Fpages%2F39\" data-token=\"0c206d7d38a0ea8457b36393e205a9cc\" data-token-time=\"1776321621\"><noscript class=\"wpforms-error-noscript\">Veuillez activer JavaScript dans votre navigateur pour remplir ce formulaire.<\/noscript><div class=\"wpforms-field-container\"><div id=\"wpforms-109-field_8-container\" class=\"wpforms-field wpforms-field-name\" data-field-id=\"8\"><label class=\"wpforms-field-label\">Nom <span class=\"wpforms-required-label\">*<\/span><\/label><div class=\"wpforms-field-row wpforms-field-medium\"><div class=\"wpforms-field-row-block wpforms-first wpforms-one-half\"><input type=\"text\" id=\"wpforms-109-field_8\" class=\"wpforms-field-name-first wpforms-field-required\" name=\"wpforms[fields][8][first]\" required><label for=\"wpforms-109-field_8\" class=\"wpforms-field-sublabel after\">Pr\u00e9nom<\/label><\/div><div class=\"wpforms-field-row-block wpforms-one-half\"><input type=\"text\" id=\"wpforms-109-field_8-last\" class=\"wpforms-field-name-last wpforms-field-required\" name=\"wpforms[fields][8][last]\" required><label for=\"wpforms-109-field_8-last\" class=\"wpforms-field-sublabel after\">Nom<\/label><\/div><\/div><\/div><div id=\"wpforms-109-field_1-container\" class=\"wpforms-field wpforms-field-email\" data-field-id=\"1\"><label class=\"wpforms-field-label\" for=\"wpforms-109-field_1\">Adresse de contact <span class=\"wpforms-required-label\">*<\/span><\/label><input type=\"email\" id=\"wpforms-109-field_1\" class=\"wpforms-field-medium wpforms-field-required\" name=\"wpforms[fields][1]\" spellcheck=\"false\" required><\/div><div id=\"wpforms-109-field_3-container\" class=\"wpforms-field wpforms-field-select wpforms-field-select-style-classic\" data-field-id=\"3\"><label class=\"wpforms-field-label\" for=\"wpforms-109-field_3\">Objet<\/label><select id=\"wpforms-109-field_3\" class=\"wpforms-field-medium\" name=\"wpforms[fields][3]\"><option value=\"Votre inscription au Tournoi R\u00e9gional 2026\"  class=\"choice-1 depth-1\"  >Votre inscription au Tournoi R\u00e9gional 2026<\/option><option value=\"2 choix\"  class=\"choice-2 depth-1\"  >2 choix<\/option><\/select><\/div><div id=\"wpforms-109-field_5-container\" class=\"wpforms-field wpforms-field-name\" data-field-id=\"5\"><label class=\"wpforms-field-label\" for=\"wpforms-109-field_5\">Num\u00e9ro de Licence <span class=\"wpforms-required-label\">*<\/span><\/label><input type=\"text\" id=\"wpforms-109-field_5\" class=\"wpforms-field-small wpforms-field-required\" name=\"wpforms[fields][5]\" required><\/div><div id=\"wpforms-109-field_0-container\" class=\"wpforms-field wpforms-field-name\" data-field-id=\"0\"><label class=\"wpforms-field-label\" for=\"wpforms-109-field_0\">Club <span class=\"wpforms-required-label\">*<\/span><\/label><input type=\"text\" id=\"wpforms-109-field_0\" class=\"wpforms-field-small wpforms-field-required\" name=\"wpforms[fields][0]\" required><\/div><div id=\"wpforms-109-field_7-container\" class=\"wpforms-field wpforms-field-name\" data-field-id=\"7\"><label class=\"wpforms-field-label\" for=\"wpforms-109-field_7\">Classement <span class=\"wpforms-required-label\">*<\/span><\/label><input type=\"text\" id=\"wpforms-109-field_7\" class=\"wpforms-field-small wpforms-field-required\" name=\"wpforms[fields][7]\" placeholder=\"Nombre de points \" required><\/div><div id=\"wpforms-109-field_2-container\" class=\"wpforms-field wpforms-field-textarea\" data-field-id=\"2\"><label class=\"wpforms-field-label\" for=\"wpforms-109-field_2\">Inscrivez vos tableaux choisis <span class=\"wpforms-required-label\">*<\/span><\/label><textarea id=\"wpforms-109-field_2\" class=\"wpforms-field-medium wpforms-field-required\" name=\"wpforms[fields][2]\" placeholder=\"Tableaux choisis\" required><\/textarea><div class=\"wpforms-field-description\">Tableaux choisis  ...<\/div><\/div><\/div><!-- .wpforms-field-container --><div class=\"wpforms-field wpforms-field-hp\"><label for=\"wpforms-109-field-hp\" class=\"wpforms-field-label\">Phone<\/label><input type=\"text\" name=\"wpforms[hp]\" id=\"wpforms-109-field-hp\" class=\"wpforms-field-medium\"><\/div><div class=\"wpforms-recaptcha-container wpforms-is-recaptcha wpforms-is-recaptcha-type-v2\" ><div class=\"g-recaptcha\" data-sitekey=\"6LdzCzcUAAAAAN6Q_D6san1N30tgMJGJddeuFKcq\"><\/div><input type=\"text\" name=\"g-recaptcha-hidden\" class=\"wpforms-recaptcha-hidden\" style=\"position:absolute!important;clip:rect(0,0,0,0)!important;height:1px!important;width:1px!important;border:0!important;overflow:hidden!important;padding:0!important;margin:0!important;\" data-rule-recaptcha=\"1\"><\/div><div class=\"wpforms-submit-container\" ><input type=\"hidden\" name=\"wpforms[id]\" value=\"109\"><input type=\"hidden\" name=\"page_title\" value=\"\"><input type=\"hidden\" name=\"page_url\" value=\"https:\/\/astt-dangelesormes.com\/index.php?rest_route=\/wp\/v2\/pages\/39\"><input type=\"hidden\" name=\"url_referer\" value=\"\"><button type=\"submit\" name=\"wpforms[submit]\" id=\"wpforms-submit-109\" class=\"wpforms-submit\" data-alt-text=\"Sending...\" data-submit-text=\"Envoyer\" aria-live=\"assertive\" value=\"wpforms-submit\">Envoyer<\/button><\/div><\/form><\/div>  <!-- .wpforms-container -->\n\n\n<p><\/p>\n\n\n\n<p>QR code a scanner pour vous inscrire via un formulaire<\/p>\n\n\n\n<figure class=\"wp-block-image size-large is-resized\"><img loading=\"lazy\" decoding=\"async\" width=\"1024\" height=\"1024\" src=\"https:\/\/astt-dangelesormes.com\/wp-content\/uploads\/2024\/11\/qr-code-1024x1024.png\" alt=\"\" class=\"wp-image-1258\" style=\"width:299px;height:auto\" srcset=\"https:\/\/astt-dangelesormes.com\/wp-content\/uploads\/2024\/11\/qr-code-1024x1024.png 1024w, https:\/\/astt-dangelesormes.com\/wp-content\/uploads\/2024\/11\/qr-code-300x300.png 300w, https:\/\/astt-dangelesormes.com\/wp-content\/uploads\/2024\/11\/qr-code-150x150.png 150w, https:\/\/astt-dangelesormes.com\/wp-content\/uploads\/2024\/11\/qr-code-768x768.png 768w, https:\/\/astt-dangelesormes.com\/wp-content\/uploads\/2024\/11\/qr-code-200x200.png 200w, https:\/\/astt-dangelesormes.com\/wp-content\/uploads\/2024\/11\/qr-code-100x100.png 100w, https:\/\/astt-dangelesormes.com\/wp-content\/uploads\/2024\/11\/qr-code-40x40.png 40w, https:\/\/astt-dangelesormes.com\/wp-content\/uploads\/2024\/11\/qr-code.png 1098w\" sizes=\"auto, (max-width: 1024px) 100vw, 1024px\" \/><\/figure>\n\n\n\n<p><\/p>\n","protected":false},"excerpt":{"rendered":"<p>Les points seront pas comptabiliser sur ce tournoi r\u00e9gional pour les joueurs hors r\u00e9gion Nouvelle Aquitaine Reglement du tournoi 2026 Ce tournoi est r\u00e9serv\u00e9 uniquement aux joueurs de la nouvelle aquitaine QR code a scanner pour vous inscrire via un formulaire<\/p>\n","protected":false},"author":1,"featured_media":0,"parent":0,"menu_order":0,"comment_status":"closed","ping_status":"closed","template":"","meta":{"_mc_calendar":[],"footnotes":""},"class_list":["post-39","page","type-page","status-publish","hentry"],"_links":{"self":[{"href":"https:\/\/astt-dangelesormes.com\/index.php?rest_route=\/wp\/v2\/pages\/39","targetHints":{"allow":["GET"]}}],"collection":[{"href":"https:\/\/astt-dangelesormes.com\/index.php?rest_route=\/wp\/v2\/pages"}],"about":[{"href":"https:\/\/astt-dangelesormes.com\/index.php?rest_route=\/wp\/v2\/types\/page"}],"author":[{"embeddable":true,"href":"https:\/\/astt-dangelesormes.com\/index.php?rest_route=\/wp\/v2\/users\/1"}],"replies":[{"embeddable":true,"href":"https:\/\/astt-dangelesormes.com\/index.php?rest_route=%2Fwp%2Fv2%2Fcomments&post=39"}],"version-history":[{"count":20,"href":"https:\/\/astt-dangelesormes.com\/index.php?rest_route=\/wp\/v2\/pages\/39\/revisions"}],"predecessor-version":[{"id":1495,"href":"https:\/\/astt-dangelesormes.com\/index.php?rest_route=\/wp\/v2\/pages\/39\/revisions\/1495"}],"wp:attachment":[{"href":"https:\/\/astt-dangelesormes.com\/index.php?rest_route=%2Fwp%2Fv2%2Fmedia&parent=39"}],"curies":[{"name":"wp","href":"https:\/\/api.w.org\/{rel}","templated":true}]}}