{"id":26,"date":"2017-10-26T11:19:01","date_gmt":"2017-10-26T09:19:01","guid":{"rendered":"http:\/\/astt-dangelesormes.com\/?page_id=26"},"modified":"2025-01-04T07:05:14","modified_gmt":"2025-01-04T06:05:14","slug":"tournoi-2018","status":"publish","type":"page","link":"https:\/\/astt-dangelesormes.com\/?page_id=26","title":{"rendered":"Organigramme"},"content":{"rendered":"<p><span style=\"color: #ffcc00;\"><strong>Pr\u00e9sident<\/strong> :<\/span><span style=\"color: #00ffff;\"> M. Didier Combe<\/span><\/p>\n<p><span style=\"color: #ffcc00;\"><strong>Vice Pr\u00e9sident et Secr\u00e9taire<\/strong> :<\/span> <span style=\"color: #00ffff;\">M. St\u00e9phane Cl\u00e9ment<\/span><\/p>\n<p><span style=\"color: #ffcc00;\"><strong>Tr\u00e9sorier<\/strong> :<\/span> <span style=\"color: #00ffff;\">M. Francis Ligonniere<\/span><\/p>\n<p><span style=\"color: #99cc00;\"><strong>Vice Tr\u00e9sorier<\/strong> : <span style=\"color: #00ffff;\">M. Baptiste Aubert<\/span><\/span><\/p>\n\n\n<p><\/p>\n","protected":false},"excerpt":{"rendered":"<p>Pr\u00e9sident : M. Didier Combe Vice Pr\u00e9sident et Secr\u00e9taire : M. St\u00e9phane Cl\u00e9ment Tr\u00e9sorier : M. Francis Ligonniere Vice Tr\u00e9sorier : M. Baptiste Aubert<\/p>\n","protected":false},"author":1,"featured_media":0,"parent":0,"menu_order":0,"comment_status":"closed","ping_status":"closed","template":"","meta":{"_mc_calendar":[],"footnotes":""},"class_list":["post-26","page","type-page","status-publish","hentry"],"_links":{"self":[{"href":"https:\/\/astt-dangelesormes.com\/index.php?rest_route=\/wp\/v2\/pages\/26","targetHints":{"allow":["GET"]}}],"collection":[{"href":"https:\/\/astt-dangelesormes.com\/index.php?rest_route=\/wp\/v2\/pages"}],"about":[{"href":"https:\/\/astt-dangelesormes.com\/index.php?rest_route=\/wp\/v2\/types\/page"}],"author":[{"embeddable":true,"href":"https:\/\/astt-dangelesormes.com\/index.php?rest_route=\/wp\/v2\/users\/1"}],"replies":[{"embeddable":true,"href":"https:\/\/astt-dangelesormes.com\/index.php?rest_route=%2Fwp%2Fv2%2Fcomments&post=26"}],"version-history":[{"count":22,"href":"https:\/\/astt-dangelesormes.com\/index.php?rest_route=\/wp\/v2\/pages\/26\/revisions"}],"predecessor-version":[{"id":1270,"href":"https:\/\/astt-dangelesormes.com\/index.php?rest_route=\/wp\/v2\/pages\/26\/revisions\/1270"}],"wp:attachment":[{"href":"https:\/\/astt-dangelesormes.com\/index.php?rest_route=%2Fwp%2Fv2%2Fmedia&parent=26"}],"curies":[{"name":"wp","href":"https:\/\/api.w.org\/{rel}","templated":true}]}}